{"id":3,"date":"2020-10-29T11:12:43","date_gmt":"2020-10-29T10:12:43","guid":{"rendered":"http:\/\/skiart.tirol.dedi4334.your-server.de\/?page_id=3"},"modified":"2021-01-18T17:09:19","modified_gmt":"2021-01-18T16:09:19","slug":"datenschutzerklaerung","status":"publish","type":"page","link":"https:\/\/skiart.tirol\/en\/datenschutzerklaerung\/","title":{"rendered":"Privacy Policy"},"content":{"rendered":"<div class=\"fusion-fullwidth fullwidth-box fusion-builder-row-1 fusion-flex-container nonhundred-percent-fullwidth non-hundred-percent-height-scrolling\" style=\"background-color: rgba(255,255,255,0);background-position: center center;background-repeat: no-repeat;border-width: 0px 0px 0px 0px;border-color:rgba(247,247,247,0);border-style:solid;\" ><div class=\"fusion-builder-row fusion-row fusion-flex-align-items-flex-start\" style=\"max-width:1216.8px;margin-left: calc(-4% \/ 2 );margin-right: calc(-4% \/ 2 );\"><div class=\"fusion-layout-column fusion_builder_column fusion-builder-column-0 fusion_builder_column_1_1 1_1 fusion-flex-column\"><div class=\"fusion-column-wrapper fusion-flex-justify-content-flex-start fusion-content-layout-column\" style=\"background-position:left top;background-repeat:no-repeat;-webkit-background-size:cover;-moz-background-size:cover;-o-background-size:cover;background-size:cover;padding: 0px 0px 0px 0px;\"><style type=\"text\/css\">@media only screen and (max-width:1000px) {.fusion-title.fusion-title-1{margin-top:22px!important; margin-right:0px!important;margin-bottom:31px!important;margin-left:0px!important;}}@media only screen and (max-width:640px) {.fusion-title.fusion-title-1{margin-top:0px!important; margin-right:0px!important;margin-bottom:20px!important; margin-left:0px!important;}}<\/style><div class=\"fusion-title title fusion-title-1 fusion-sep-none fusion-title-text fusion-title-size-one\" style=\"font-size:36px;margin-top:22px;margin-right:0px;margin-bottom:31px;margin-left:0px;\"><h1 class=\"title-heading-left\" style=\"margin:0;font-size:1em;\">DATENSCHUTZ<\/h1><\/div><div class=\"fusion-text fusion-text-1 fusion-text-split-columns fusion-text-columns-2\" style=\" -webkit-column-count:2; -webkit-column-gap:1em; -webkit-column-width:100px; -moz-column-count:2; -moz-column-gap:1em; -moz-column-width:100px; column-count:2; column-gap:1em; column-width:100px;\"><p>Der Schutz Ihrer pers\u00f6nlichen Daten ist uns ein besonderes Anliegen. Wir verarbeiten Ihre Daten daher ausschlie\u00dflich auf Grundlage der gesetzlichen Bestimmungen (DSGVO, TKG 2003). In diesen Datenschutzinformationen informieren wir Sie \u00fcber die wichtigsten Aspekte der Datenverarbeitung im Rahmen unserer Website.<\/p>\n<h3>Kontakt mit uns<\/h3>\n<p>Wenn Sie per Formular auf der Website oder per E-Mail Kontakt mit uns aufnehmen, werden Ihre angegebenen Daten zwecks Bearbeitung der Anfrage und f\u00fcr den Fall von Anschlussfragen sechs Monate bei uns gespeichert. Diese Daten geben wir nicht ohne Ihre Einwilligung weiter.<\/p>\n<h3><\/h3>\n<h3><\/h3>\n<h3>Ihre Rechte<\/h3>\n<p>Ihnen stehen bez\u00fcglich Ihrer bei uns gespeicherten Daten grunds\u00e4tzlich die Rechte auf Auskunft, Berichtigung, L\u00f6schung, Einschr\u00e4nkung, Daten\u00fcbertragbarkeit, Widerruf und Widerspruch zu. Wenn Sie glauben, dass die Verarbeitung Ihrer Daten gegen das Datenschutzrecht verst\u00f6\u00dft oder Ihre datenschutzrechtlichen Anspr\u00fcche sonst in einer Weise verletzt worden sind, k\u00f6nnen Sie sich bei uns unter info@skiart.tirol oder der Datenschutzbeh\u00f6rde beschweren.<\/p>\n<h3>Sie erreichen uns unter folgenden Kontaktdaten:<\/h3>\n<p>Peter Sulzenbacher<br \/>\nHausbergtal 8 A-6370 Kitzb\u00fchel<br \/>\nTel. +43 676 910 2831<\/p>\n<\/div><\/div><style type=\"text\/css\">.fusion-body .fusion-builder-column-0{width:100% !important;margin-top : 0px;margin-bottom : 0px;}.fusion-builder-column-0 > .fusion-column-wrapper {padding-top : 0px !important;padding-right : 0px !important;margin-right : 1.92%;padding-bottom : 0px !important;padding-left : 0px !important;margin-left : 1.92%;}@media only screen and (max-width:1000px) {.fusion-body .fusion-builder-column-0{width:100% !important;}.fusion-builder-column-0 > .fusion-column-wrapper {margin-right : 1.92%;margin-left : 1.92%;}}@media only screen and (max-width:640px) {.fusion-body .fusion-builder-column-0{width:100% !important;}.fusion-builder-column-0 > .fusion-column-wrapper {margin-right : 1.92%;margin-left : 1.92%;}}<\/style><\/div><\/div><style type=\"text\/css\">.fusion-body .fusion-flex-container.fusion-builder-row-1{ padding-top : 0px;margin-top : 0px;padding-right : 0px;padding-bottom : 0px;margin-bottom : 0px;padding-left : 0px;}<\/style><\/div>","protected":false},"excerpt":{"rendered":"","protected":false},"author":1,"featured_media":0,"parent":0,"menu_order":0,"comment_status":"closed","ping_status":"open","template":"","meta":{"footnotes":""},"class_list":["post-3","page","type-page","status-publish","hentry"],"yoast_head":"<!-- This site is optimized with the Yoast SEO plugin v27.4 - https:\/\/yoast.com\/product\/yoast-seo-wordpress\/ -->\n<title>Datenschutzerkl\u00e4rung - SkiArt Kitzb\u00fchel \u2013 Tiroler Skischule Peter Sulzenbacher<\/title>\n<meta name=\"robots\" content=\"index, follow, max-snippet:-1, max-image-preview:large, max-video-preview:-1\" \/>\n<link rel=\"canonical\" href=\"https:\/\/skiart.tirol\/en\/datenschutzerklaerung\/\" \/>\n<meta property=\"og:locale\" content=\"en_GB\" \/>\n<meta property=\"og:type\" content=\"article\" \/>\n<meta property=\"og:title\" content=\"Datenschutzerkl\u00e4rung - SkiArt Kitzb\u00fchel \u2013 Tiroler Skischule Peter Sulzenbacher\" \/>\n<meta property=\"og:url\" content=\"https:\/\/skiart.tirol\/en\/datenschutzerklaerung\/\" \/>\n<meta property=\"og:site_name\" content=\"SkiArt Kitzb\u00fchel \u2013 Tiroler Skischule Peter Sulzenbacher\" \/>\n<meta property=\"article:publisher\" content=\"https:\/\/www.facebook.com\/p.sulzenbacher\" \/>\n<meta property=\"article:modified_time\" content=\"2021-01-18T16:09:19+00:00\" \/>\n<meta property=\"og:image\" content=\"https:\/\/skiart.tirol\/wp-content\/uploads\/2020\/09\/skiart_ski-41-1.jpg\" \/>\n\t<meta property=\"og:image:width\" content=\"2000\" \/>\n\t<meta property=\"og:image:height\" content=\"1333\" \/>\n\t<meta property=\"og:image:type\" content=\"image\/jpeg\" \/>\n<meta name=\"twitter:card\" content=\"summary_large_image\" \/>\n<meta name=\"twitter:label1\" content=\"Estimated reading time\" \/>\n\t<meta name=\"twitter:data1\" content=\"3 minutes\" \/>\n<script type=\"application\/ld+json\" class=\"yoast-schema-graph\">{\"@context\":\"https:\\\/\\\/schema.org\",\"@graph\":[{\"@type\":\"WebPage\",\"@id\":\"https:\\\/\\\/skiart.tirol\\\/datenschutzerklaerung\\\/\",\"url\":\"https:\\\/\\\/skiart.tirol\\\/datenschutzerklaerung\\\/\",\"name\":\"Datenschutzerkl\u00e4rung - SkiArt Kitzb\u00fchel \u2013 Tiroler Skischule Peter Sulzenbacher\",\"isPartOf\":{\"@id\":\"https:\\\/\\\/skiart.tirol\\\/#website\"},\"datePublished\":\"2020-10-29T10:12:43+00:00\",\"dateModified\":\"2021-01-18T16:09:19+00:00\",\"breadcrumb\":{\"@id\":\"https:\\\/\\\/skiart.tirol\\\/datenschutzerklaerung\\\/#breadcrumb\"},\"inLanguage\":\"en-GB\",\"potentialAction\":[{\"@type\":\"ReadAction\",\"target\":[\"https:\\\/\\\/skiart.tirol\\\/datenschutzerklaerung\\\/\"]}]},{\"@type\":\"BreadcrumbList\",\"@id\":\"https:\\\/\\\/skiart.tirol\\\/datenschutzerklaerung\\\/#breadcrumb\",\"itemListElement\":[{\"@type\":\"ListItem\",\"position\":1,\"name\":\"Home\",\"item\":\"https:\\\/\\\/skiart.tirol\\\/\"},{\"@type\":\"ListItem\",\"position\":2,\"name\":\"Datenschutzerkl\u00e4rung\"}]},{\"@type\":\"WebSite\",\"@id\":\"https:\\\/\\\/skiart.tirol\\\/#website\",\"url\":\"https:\\\/\\\/skiart.tirol\\\/\",\"name\":\"SkiArt Kitzb\u00fchel \u2013 Tiroler Skischule Peter Sulzenbacher\",\"description\":\"Das Outdoor Erlebnis in Kitz\",\"publisher\":{\"@id\":\"https:\\\/\\\/skiart.tirol\\\/#organization\"},\"potentialAction\":[{\"@type\":\"SearchAction\",\"target\":{\"@type\":\"EntryPoint\",\"urlTemplate\":\"https:\\\/\\\/skiart.tirol\\\/?s={search_term_string}\"},\"query-input\":{\"@type\":\"PropertyValueSpecification\",\"valueRequired\":true,\"valueName\":\"search_term_string\"}}],\"inLanguage\":\"en-GB\"},{\"@type\":\"Organization\",\"@id\":\"https:\\\/\\\/skiart.tirol\\\/#organization\",\"name\":\"SkiArt Kitzb\u00fchel \u2013 Tiroler Skischule Peter Sulzenbacher\",\"url\":\"https:\\\/\\\/skiart.tirol\\\/\",\"logo\":{\"@type\":\"ImageObject\",\"inLanguage\":\"en-GB\",\"@id\":\"https:\\\/\\\/skiart.tirol\\\/#\\\/schema\\\/logo\\\/image\\\/\",\"url\":\"https:\\\/\\\/skiart.tirol\\\/wp-content\\\/uploads\\\/2020\\\/09\\\/skiart_BADGESUPDATE-Kopie-7@2x.png\",\"contentUrl\":\"https:\\\/\\\/skiart.tirol\\\/wp-content\\\/uploads\\\/2020\\\/09\\\/skiart_BADGESUPDATE-Kopie-7@2x.png\",\"width\":686,\"height\":688,\"caption\":\"SkiArt Kitzb\u00fchel \u2013 Tiroler Skischule Peter Sulzenbacher\"},\"image\":{\"@id\":\"https:\\\/\\\/skiart.tirol\\\/#\\\/schema\\\/logo\\\/image\\\/\"},\"sameAs\":[\"https:\\\/\\\/www.facebook.com\\\/p.sulzenbacher\",\"https:\\\/\\\/www.instagram.com\\\/_skiart_\\\/\"]}]}<\/script>\n<!-- \/ Yoast SEO plugin. -->","yoast_head_json":{"title":"Datenschutzerkl\u00e4rung - SkiArt Kitzb\u00fchel \u2013 Tiroler Skischule Peter Sulzenbacher","robots":{"index":"index","follow":"follow","max-snippet":"max-snippet:-1","max-image-preview":"max-image-preview:large","max-video-preview":"max-video-preview:-1"},"canonical":"https:\/\/skiart.tirol\/en\/datenschutzerklaerung\/","og_locale":"en_GB","og_type":"article","og_title":"Datenschutzerkl\u00e4rung - SkiArt Kitzb\u00fchel \u2013 Tiroler Skischule Peter Sulzenbacher","og_url":"https:\/\/skiart.tirol\/en\/datenschutzerklaerung\/","og_site_name":"SkiArt Kitzb\u00fchel \u2013 Tiroler Skischule Peter Sulzenbacher","article_publisher":"https:\/\/www.facebook.com\/p.sulzenbacher","article_modified_time":"2021-01-18T16:09:19+00:00","og_image":[{"width":2000,"height":1333,"url":"https:\/\/skiart.tirol\/wp-content\/uploads\/2020\/09\/skiart_ski-41-1.jpg","type":"image\/jpeg"}],"twitter_card":"summary_large_image","twitter_misc":{"Estimated reading time":"3 minutes"},"schema":{"@context":"https:\/\/schema.org","@graph":[{"@type":"WebPage","@id":"https:\/\/skiart.tirol\/datenschutzerklaerung\/","url":"https:\/\/skiart.tirol\/datenschutzerklaerung\/","name":"Datenschutzerkl\u00e4rung - SkiArt Kitzb\u00fchel \u2013 Tiroler Skischule Peter Sulzenbacher","isPartOf":{"@id":"https:\/\/skiart.tirol\/#website"},"datePublished":"2020-10-29T10:12:43+00:00","dateModified":"2021-01-18T16:09:19+00:00","breadcrumb":{"@id":"https:\/\/skiart.tirol\/datenschutzerklaerung\/#breadcrumb"},"inLanguage":"en-GB","potentialAction":[{"@type":"ReadAction","target":["https:\/\/skiart.tirol\/datenschutzerklaerung\/"]}]},{"@type":"BreadcrumbList","@id":"https:\/\/skiart.tirol\/datenschutzerklaerung\/#breadcrumb","itemListElement":[{"@type":"ListItem","position":1,"name":"Home","item":"https:\/\/skiart.tirol\/"},{"@type":"ListItem","position":2,"name":"Datenschutzerkl\u00e4rung"}]},{"@type":"WebSite","@id":"https:\/\/skiart.tirol\/#website","url":"https:\/\/skiart.tirol\/","name":"SkiArt Kitzb\u00fchel \u2013 Tiroler Skischule Peter Sulzenbacher","description":"Das Outdoor Erlebnis in Kitz","publisher":{"@id":"https:\/\/skiart.tirol\/#organization"},"potentialAction":[{"@type":"SearchAction","target":{"@type":"EntryPoint","urlTemplate":"https:\/\/skiart.tirol\/?s={search_term_string}"},"query-input":{"@type":"PropertyValueSpecification","valueRequired":true,"valueName":"search_term_string"}}],"inLanguage":"en-GB"},{"@type":"Organization","@id":"https:\/\/skiart.tirol\/#organization","name":"SkiArt Kitzb\u00fchel \u2013 Tiroler Skischule Peter Sulzenbacher","url":"https:\/\/skiart.tirol\/","logo":{"@type":"ImageObject","inLanguage":"en-GB","@id":"https:\/\/skiart.tirol\/#\/schema\/logo\/image\/","url":"https:\/\/skiart.tirol\/wp-content\/uploads\/2020\/09\/skiart_BADGESUPDATE-Kopie-7@2x.png","contentUrl":"https:\/\/skiart.tirol\/wp-content\/uploads\/2020\/09\/skiart_BADGESUPDATE-Kopie-7@2x.png","width":686,"height":688,"caption":"SkiArt Kitzb\u00fchel \u2013 Tiroler Skischule Peter Sulzenbacher"},"image":{"@id":"https:\/\/skiart.tirol\/#\/schema\/logo\/image\/"},"sameAs":["https:\/\/www.facebook.com\/p.sulzenbacher","https:\/\/www.instagram.com\/_skiart_\/"]}]}},"_links":{"self":[{"href":"https:\/\/skiart.tirol\/en\/wp-json\/wp\/v2\/pages\/3","targetHints":{"allow":["GET"]}}],"collection":[{"href":"https:\/\/skiart.tirol\/en\/wp-json\/wp\/v2\/pages"}],"about":[{"href":"https:\/\/skiart.tirol\/en\/wp-json\/wp\/v2\/types\/page"}],"author":[{"embeddable":true,"href":"https:\/\/skiart.tirol\/en\/wp-json\/wp\/v2\/users\/1"}],"replies":[{"embeddable":true,"href":"https:\/\/skiart.tirol\/en\/wp-json\/wp\/v2\/comments?post=3"}],"version-history":[{"count":0,"href":"https:\/\/skiart.tirol\/en\/wp-json\/wp\/v2\/pages\/3\/revisions"}],"wp:attachment":[{"href":"https:\/\/skiart.tirol\/en\/wp-json\/wp\/v2\/media?parent=3"}],"curies":[{"name":"wp","href":"https:\/\/api.w.org\/{rel}","templated":true}]}}