{"id":2793,"date":"2021-01-14T16:39:01","date_gmt":"2021-01-14T15:39:01","guid":{"rendered":"http:\/\/skiart.tirol.dedi4334.your-server.de\/?page_id=2793"},"modified":"2025-11-30T17:07:42","modified_gmt":"2025-11-30T16:07:42","slug":"impressum","status":"publish","type":"page","link":"https:\/\/skiart.tirol\/en\/impressum\/","title":{"rendered":"Imprint"},"content":{"rendered":"<div class=\"fusion-fullwidth fullwidth-box fusion-builder-row-1 fusion-flex-container nonhundred-percent-fullwidth non-hundred-percent-height-scrolling\" style=\"background-color: rgba(255,255,255,0);background-position: center center;background-repeat: no-repeat;border-width: 0px 0px 0px 0px;border-color:rgba(247,247,247,0);border-style:solid;\" ><div class=\"fusion-builder-row fusion-row fusion-flex-align-items-flex-start\" style=\"max-width:1216.8px;margin-left: calc(-4% \/ 2 );margin-right: calc(-4% \/ 2 );\"><div class=\"fusion-layout-column fusion_builder_column fusion-builder-column-0 fusion_builder_column_1_1 1_1 fusion-flex-column\"><div class=\"fusion-column-wrapper fusion-flex-justify-content-flex-start fusion-content-layout-column\" style=\"background-position:left top;background-repeat:no-repeat;-webkit-background-size:cover;-moz-background-size:cover;-o-background-size:cover;background-size:cover;padding: 0px 25px 0px 25px;\"><style type=\"text\/css\">@media only screen and (max-width:1000px) {.fusion-title.fusion-title-1{margin-top:22px!important; margin-right:0px!important;margin-bottom:31px!important;margin-left:0px!important;}}@media only screen and (max-width:640px) {.fusion-title.fusion-title-1{margin-top:0px!important; margin-right:0px!important;margin-bottom:20px!important; margin-left:0px!important;}}<\/style><div class=\"fusion-title title fusion-title-1 fusion-sep-none fusion-title-text fusion-title-size-one\" style=\"font-size:36px;margin-top:22px;margin-right:0px;margin-bottom:31px;margin-left:0px;\"><h1 class=\"title-heading-left\" style=\"margin:0;font-size:1em;\">IMPRESSUM<\/h1><\/div><div class=\"fusion-text fusion-text-1 fusion-text-split-columns fusion-text-columns-2\" style=\" -webkit-column-count:2; -webkit-column-gap:1em; -webkit-column-width:100px; -moz-column-count:2; -moz-column-gap:1em; -moz-column-width:100px; column-count:2; column-gap:1em; column-width:100px;\"><div class=\"fusion-title title fusion-title-1 fusion-sep-none fusion-title-text fusion-title-size-one\">\n<h1 class=\"title-heading-left fusion-responsive-typography-calculated\" data-fontsize=\"50\" data-lineheight=\"60px\"><span style=\"font-size: 16px;\">Peter Karl Sulzenbacher <\/span><\/h1>\n<\/div>\n<div class=\"fusion-text\">\n<div class=\"ce_text block\">\n<p>Hausbergtal 8<br \/>\n6370 Kitzb\u00fchel \u2013 Tirol<br \/>\nMobil +43 676 910 2831<br \/>\n<a href=\"mailto:booking@skiart.tirol\">booking@skiart.tirol<\/a><br \/>\n<a href=\"https:\/\/skiart.tirol\/en\/\">www.skiart.tirol<\/a><\/p>\n<h3 class=\"fusion-responsive-typography-calculated\" data-fontsize=\"30\" data-lineheight=\"36px\">Haftung<\/h3>\n<p>S\u00e4mtliche Inhalte wurden sorgf\u00e4ltig gepr\u00fcft. Dessen ungeachtet kann keine Garantie f\u00fcr Richtigkeit, Vollst\u00e4ndigkeit und Aktualit\u00e4t der Angaben \u00fcbernommen werden.<\/p>\n<h3 class=\"fusion-responsive-typography-calculated\" data-fontsize=\"30\" data-lineheight=\"36px\">Copyright<\/h3>\n<p>S\u00e4mtliche Texte, Grafiken und Bilder sind urheberrechtlich gesch\u00fctzt. Eine Verwendung ist nur mit ausdr\u00fccklicher Genehmigung von Peter Karl Sulzenbacher zul\u00e4ssig.<\/p>\n<h3 class=\"fusion-responsive-typography-calculated\" data-fontsize=\"30\" data-lineheight=\"36px\">Links<\/h3>\n<p>Links auf diese Website sind erw\u00fcnscht, soweit sie als externe Links gef\u00fchrt werden und jeweils ganze Seiten (inkl. Navigationsframe) wiedergegeben werden. Eine \u00dcbernahme des Hauptfensters in einen Frame des Linksetzers ist unzul\u00e4ssig. Eigene Links auf fremde Seiten stellen nur Wegweiser zu diesen Seiten dar; sie werden deshalb regelm\u00e4\u00dfig mittels externem Link in einem eigenen Browserfenster dargestellt. Der Herausgeber identifiziert sich nicht mit dem Inhalt der Seiten, auf die verwiesen wird und \u00fcbernimmt daf\u00fcr keine Haftung. Sollte eine der Seiten, auf die verwiesen wird, bedenkliche Inhalte aufweisen, wird um Mitteilung ersucht; in so einem Falle wird der Link sofort gel\u00f6scht.<\/p>\n<\/div>\n<div class=\"ce_text block\">\n<h3 class=\"fusion-responsive-typography-calculated\" data-fontsize=\"30\" data-lineheight=\"36px\">Erfassung von Daten<\/h3>\n<p>Sie k\u00f6nnen das Internetangebot von Peter Karl Sulzenbacher grunds\u00e4tzlich ohne Offenlegung Ihrer pers\u00f6nlichen Daten nutzen. Es findet keine personenbezogene Auswertung der Informationen statt, die wir durch den Aufruf dieses Internetangebots erlangen.<\/p>\n<h3 class=\"fusion-responsive-typography-calculated\" data-fontsize=\"30\" data-lineheight=\"36px\">Erhebung und Verarbeitung pers\u00f6nlicher Daten<\/h3>\n<p>Personenbezogene Daten erheben wir, wenn Sie uns diese von sich aus zur Verf\u00fcgung stellen, beispielsweise im Rahmen einer Registrierung, durch das Ausf\u00fcllen von Formularen oder das Versenden von E-Mails, im Rahmen der Bestellung von Produkten oder Dienstleistungen, Anfragen oder Anforderung von Material.<\/p>\n<h3 class=\"fusion-responsive-typography-calculated\" data-fontsize=\"30\" data-lineheight=\"36px\">Recht auf Auskunft und Widerruf, Berichtigung, Sperrung, L\u00f6schung<\/h3>\n<p>Sie sind berechtigt, jederzeit Auskunft \u00fcber Ihre bei uns gespeicherten personenbezogenen Daten zu erhalten und deren Verwendung jederzeit mit Wirkung f\u00fcr die Zukunft zu widerrufen. Zus\u00e4tzlich haben Sie nach Ma\u00dfgabe der gesetzlichen Bestimmungen ein Recht auf Berichtigung, Sperrung und L\u00f6schung dieser personenbezogenen Daten.<\/p>\n<h3 class=\"fusion-responsive-typography-calculated\" data-fontsize=\"30\" data-lineheight=\"36px\">Cookies, IP-Adresse, anonymisierte Nutzungsauswertung<\/h3>\n<p>Dieses Internetangebot benutzt Google Analytics, einen Webanalysedienst der Google Inc. (\u201eGoogle\u201c) Google Analytics verwendet sog. \u201eCookies\u201c, Textdateien, die auf Ihrem Computer gespeichert werden und die eine Analyse der Benutzung der Website durch Sie erm\u00f6glicht.<\/p>\n<p>Die durch den Google-Cookie erzeugten Informationen \u00fcber Ihre Benutzung dieses Internetangebots (einschlie\u00dflich Ihrer IP-Adresse) wird an einen Server von Google in den USA \u00fcbertragen und dort gespeichert. Google wird diese Informationen benutzen, um Ihre Nutzung dieses Internetangebots auszuwerten, um Berichte \u00fcber die Aktivit\u00e4ten f\u00fcr die Betreiber des Internetangebots zusammenzustellen und um weitere mit der Nutzung dieses Internetangebots und der Internetnutzung verbundene Dienstleistungen zu erbringen. Auch wird Google diese Informationen gegebenenfalls an Dritte \u00fcbertragen, sofern dies gesetzlich vorgeschrieben oder soweit Dritte diese Daten im Auftrag von Google verarbeiten. Google wird in keinem Fall Ihre IP-Adresse mit anderen personenbezogenen Daten in Verbindung bringen.<\/p>\n<p>Durch die Nutzung dieses Internetangebots erkl\u00e4ren Sie sich mit der Bearbeitung der \u00fcber Sie erhobenen Daten durch Google in der zuvor beschriebenen Art und Weise und zu dem zuvor benannten Zweck einverstanden.<\/p>\n<p>Sie k\u00f6nnen die Installation der Google-Cookies durch eine entsprechende Einstellung Ihrer Browser-Software verhindern und damit die Erhebung und Bearbeitung der Nutzungsdaten ausschlie\u00dfen. Wir weisen Sie jedoch darauf hin, dass Sie in diesem Fall gegebenenfalls nicht s\u00e4mtliche Funktionen dieses Internetangebots voll umf\u00e4nglich nutzen k\u00f6nnen.<\/p>\n<h3 class=\"fusion-responsive-typography-calculated\" data-fontsize=\"30\" data-lineheight=\"36px\">Sicherheit<\/h3>\n<p>Dieses Internetangebot setzt technische und organisatorische Sicherheitsma\u00dfnahmen ein, um Ihre zur Verf\u00fcgung gestellten personenbezogenen Daten durch zuf\u00e4llige oder vors\u00e4tzliche Manipulation, Verlust, Zerst\u00f6rung oder Zugriff unberechtigter Personen zu sch\u00fctzen. Es ist allerdings nicht ausgeschlossen, dass Daten bei der \u00dcbermittlung von Unbefugten zur Kenntnis genommen und eventuell sogar verf\u00e4lscht werden. Falls Sie vertrauliche Anfragen an uns senden, sollten Sie diese daher elektronisch signieren oder gegebenenfalls verschl\u00fcsseln.<\/p>\n<\/div>\n<div class=\"ce_text block\">\n<h3 class=\"fusion-responsive-typography-calculated\" data-fontsize=\"30\" data-lineheight=\"36px\">Konzept, Design &amp; Umsetzung<\/h3>\n<p>Bildsch\u00f6n<br \/>\nKitzb\u00fchel<\/p>\n<h3 class=\"fusion-responsive-typography-calculated\" data-fontsize=\"30\" data-lineheight=\"36px\">Information zur Online-Streitbeilegung gem\u00e4\u00df Art. 14 Abs. 1 ODR-VO<\/h3>\n<p>Die EU-Kommission bietet die M\u00f6glichkeit zur Online-Streitbeilegung auf einer von ihr betriebenen Plattform (sog. \u201eOS-Plattform\u201c). Die OS-Plattform kann als Anlaufstelle zur au\u00dfergerichtlichen Beilegung von Streitigkeiten aus Online-Kaufvertr\u00e4gen oder Dienstleistungsvertr\u00e4gen dienen. Diese Plattform ist \u00fcber den externen Link: <a title=\"http:\/\/ec.europa.eu\/consumers\/odr\" href=\"http:\/\/ec.europa.eu\/consumers\/odr\" target=\"_blank\" rel=\"noopener noreferrer\">http:\/\/ec.europa.eu\/consumers\/odr<\/a> zu erreichen.<\/p>\n<\/div>\n<\/div>\n<\/div><\/div><style type=\"text\/css\">.fusion-body .fusion-builder-column-0{width:100% !important;margin-top : 15px;margin-bottom : 15px;}.fusion-builder-column-0 > .fusion-column-wrapper {padding-top : 0px !important;padding-right : 25 !important;margin-right : 1.92%;padding-bottom : 0px !important;padding-left : 25 !important;margin-left : 1.92%;}@media only screen and (max-width:1000px) {.fusion-body .fusion-builder-column-0{width:100% !important;order : 0;}.fusion-builder-column-0 > .fusion-column-wrapper {margin-right : 1.92%;margin-left : 1.92%;}}@media only screen and (max-width:640px) {.fusion-body .fusion-builder-column-0{width:100% !important;order : 0;}.fusion-builder-column-0 > .fusion-column-wrapper {margin-right : 1.92%;margin-left : 1.92%;}}<\/style><\/div><\/div><style type=\"text\/css\">.fusion-body .fusion-flex-container.fusion-builder-row-1{ padding-top : 0px;margin-top : 0px;padding-right : 0px;padding-bottom : 0px;margin-bottom : 0px;padding-left : 0px;}<\/style><\/div>","protected":false},"excerpt":{"rendered":"","protected":false},"author":1,"featured_media":0,"parent":0,"menu_order":0,"comment_status":"closed","ping_status":"closed","template":"","meta":{"footnotes":""},"class_list":["post-2793","page","type-page","status-publish","hentry"],"yoast_head":"<!-- This site is optimized with the Yoast SEO plugin v27.4 - https:\/\/yoast.com\/product\/yoast-seo-wordpress\/ -->\n<title>Impressum - SkiArt Kitzb\u00fchel \u2013 Tiroler Skischule Peter Sulzenbacher<\/title>\n<meta name=\"robots\" content=\"index, follow, max-snippet:-1, max-image-preview:large, max-video-preview:-1\" \/>\n<link rel=\"canonical\" href=\"https:\/\/skiart.tirol\/en\/impressum\/\" \/>\n<meta property=\"og:locale\" content=\"en_GB\" \/>\n<meta property=\"og:type\" content=\"article\" \/>\n<meta property=\"og:title\" content=\"Impressum - SkiArt Kitzb\u00fchel \u2013 Tiroler Skischule Peter Sulzenbacher\" \/>\n<meta property=\"og:url\" content=\"https:\/\/skiart.tirol\/en\/impressum\/\" \/>\n<meta property=\"og:site_name\" content=\"SkiArt Kitzb\u00fchel \u2013 Tiroler Skischule Peter Sulzenbacher\" \/>\n<meta property=\"article:publisher\" content=\"https:\/\/www.facebook.com\/p.sulzenbacher\" \/>\n<meta property=\"article:modified_time\" content=\"2025-11-30T16:07:42+00:00\" \/>\n<meta property=\"og:image\" content=\"https:\/\/skiart.tirol\/wp-content\/uploads\/2020\/09\/skiart_ski-41-1.jpg\" \/>\n\t<meta property=\"og:image:width\" content=\"2000\" \/>\n\t<meta property=\"og:image:height\" content=\"1333\" \/>\n\t<meta property=\"og:image:type\" content=\"image\/jpeg\" \/>\n<meta name=\"twitter:card\" content=\"summary_large_image\" \/>\n<meta name=\"twitter:label1\" content=\"Estimated reading time\" \/>\n\t<meta name=\"twitter:data1\" content=\"5 minutes\" \/>\n<script type=\"application\/ld+json\" class=\"yoast-schema-graph\">{\"@context\":\"https:\\\/\\\/schema.org\",\"@graph\":[{\"@type\":\"WebPage\",\"@id\":\"https:\\\/\\\/skiart.tirol\\\/impressum\\\/\",\"url\":\"https:\\\/\\\/skiart.tirol\\\/impressum\\\/\",\"name\":\"Impressum - SkiArt Kitzb\u00fchel \u2013 Tiroler Skischule Peter Sulzenbacher\",\"isPartOf\":{\"@id\":\"https:\\\/\\\/skiart.tirol\\\/#website\"},\"datePublished\":\"2021-01-14T15:39:01+00:00\",\"dateModified\":\"2025-11-30T16:07:42+00:00\",\"breadcrumb\":{\"@id\":\"https:\\\/\\\/skiart.tirol\\\/impressum\\\/#breadcrumb\"},\"inLanguage\":\"en-GB\",\"potentialAction\":[{\"@type\":\"ReadAction\",\"target\":[\"https:\\\/\\\/skiart.tirol\\\/impressum\\\/\"]}]},{\"@type\":\"BreadcrumbList\",\"@id\":\"https:\\\/\\\/skiart.tirol\\\/impressum\\\/#breadcrumb\",\"itemListElement\":[{\"@type\":\"ListItem\",\"position\":1,\"name\":\"Home\",\"item\":\"https:\\\/\\\/skiart.tirol\\\/\"},{\"@type\":\"ListItem\",\"position\":2,\"name\":\"Impressum\"}]},{\"@type\":\"WebSite\",\"@id\":\"https:\\\/\\\/skiart.tirol\\\/#website\",\"url\":\"https:\\\/\\\/skiart.tirol\\\/\",\"name\":\"SkiArt Kitzb\u00fchel \u2013 Tiroler Skischule Peter Sulzenbacher\",\"description\":\"Das Outdoor Erlebnis in Kitz\",\"publisher\":{\"@id\":\"https:\\\/\\\/skiart.tirol\\\/#organization\"},\"potentialAction\":[{\"@type\":\"SearchAction\",\"target\":{\"@type\":\"EntryPoint\",\"urlTemplate\":\"https:\\\/\\\/skiart.tirol\\\/?s={search_term_string}\"},\"query-input\":{\"@type\":\"PropertyValueSpecification\",\"valueRequired\":true,\"valueName\":\"search_term_string\"}}],\"inLanguage\":\"en-GB\"},{\"@type\":\"Organization\",\"@id\":\"https:\\\/\\\/skiart.tirol\\\/#organization\",\"name\":\"SkiArt Kitzb\u00fchel \u2013 Tiroler Skischule Peter Sulzenbacher\",\"url\":\"https:\\\/\\\/skiart.tirol\\\/\",\"logo\":{\"@type\":\"ImageObject\",\"inLanguage\":\"en-GB\",\"@id\":\"https:\\\/\\\/skiart.tirol\\\/#\\\/schema\\\/logo\\\/image\\\/\",\"url\":\"https:\\\/\\\/skiart.tirol\\\/wp-content\\\/uploads\\\/2020\\\/09\\\/skiart_BADGESUPDATE-Kopie-7@2x.png\",\"contentUrl\":\"https:\\\/\\\/skiart.tirol\\\/wp-content\\\/uploads\\\/2020\\\/09\\\/skiart_BADGESUPDATE-Kopie-7@2x.png\",\"width\":686,\"height\":688,\"caption\":\"SkiArt Kitzb\u00fchel \u2013 Tiroler Skischule Peter Sulzenbacher\"},\"image\":{\"@id\":\"https:\\\/\\\/skiart.tirol\\\/#\\\/schema\\\/logo\\\/image\\\/\"},\"sameAs\":[\"https:\\\/\\\/www.facebook.com\\\/p.sulzenbacher\",\"https:\\\/\\\/www.instagram.com\\\/_skiart_\\\/\"]}]}<\/script>\n<!-- \/ Yoast SEO plugin. -->","yoast_head_json":{"title":"Impressum - SkiArt Kitzb\u00fchel \u2013 Tiroler Skischule Peter Sulzenbacher","robots":{"index":"index","follow":"follow","max-snippet":"max-snippet:-1","max-image-preview":"max-image-preview:large","max-video-preview":"max-video-preview:-1"},"canonical":"https:\/\/skiart.tirol\/en\/impressum\/","og_locale":"en_GB","og_type":"article","og_title":"Impressum - SkiArt Kitzb\u00fchel \u2013 Tiroler Skischule Peter Sulzenbacher","og_url":"https:\/\/skiart.tirol\/en\/impressum\/","og_site_name":"SkiArt Kitzb\u00fchel \u2013 Tiroler Skischule Peter Sulzenbacher","article_publisher":"https:\/\/www.facebook.com\/p.sulzenbacher","article_modified_time":"2025-11-30T16:07:42+00:00","og_image":[{"width":2000,"height":1333,"url":"https:\/\/skiart.tirol\/wp-content\/uploads\/2020\/09\/skiart_ski-41-1.jpg","type":"image\/jpeg"}],"twitter_card":"summary_large_image","twitter_misc":{"Estimated reading time":"5 minutes"},"schema":{"@context":"https:\/\/schema.org","@graph":[{"@type":"WebPage","@id":"https:\/\/skiart.tirol\/impressum\/","url":"https:\/\/skiart.tirol\/impressum\/","name":"Impressum - SkiArt Kitzb\u00fchel \u2013 Tiroler Skischule Peter Sulzenbacher","isPartOf":{"@id":"https:\/\/skiart.tirol\/#website"},"datePublished":"2021-01-14T15:39:01+00:00","dateModified":"2025-11-30T16:07:42+00:00","breadcrumb":{"@id":"https:\/\/skiart.tirol\/impressum\/#breadcrumb"},"inLanguage":"en-GB","potentialAction":[{"@type":"ReadAction","target":["https:\/\/skiart.tirol\/impressum\/"]}]},{"@type":"BreadcrumbList","@id":"https:\/\/skiart.tirol\/impressum\/#breadcrumb","itemListElement":[{"@type":"ListItem","position":1,"name":"Home","item":"https:\/\/skiart.tirol\/"},{"@type":"ListItem","position":2,"name":"Impressum"}]},{"@type":"WebSite","@id":"https:\/\/skiart.tirol\/#website","url":"https:\/\/skiart.tirol\/","name":"SkiArt Kitzb\u00fchel \u2013 Tiroler Skischule Peter Sulzenbacher","description":"Das Outdoor Erlebnis in Kitz","publisher":{"@id":"https:\/\/skiart.tirol\/#organization"},"potentialAction":[{"@type":"SearchAction","target":{"@type":"EntryPoint","urlTemplate":"https:\/\/skiart.tirol\/?s={search_term_string}"},"query-input":{"@type":"PropertyValueSpecification","valueRequired":true,"valueName":"search_term_string"}}],"inLanguage":"en-GB"},{"@type":"Organization","@id":"https:\/\/skiart.tirol\/#organization","name":"SkiArt Kitzb\u00fchel \u2013 Tiroler Skischule Peter Sulzenbacher","url":"https:\/\/skiart.tirol\/","logo":{"@type":"ImageObject","inLanguage":"en-GB","@id":"https:\/\/skiart.tirol\/#\/schema\/logo\/image\/","url":"https:\/\/skiart.tirol\/wp-content\/uploads\/2020\/09\/skiart_BADGESUPDATE-Kopie-7@2x.png","contentUrl":"https:\/\/skiart.tirol\/wp-content\/uploads\/2020\/09\/skiart_BADGESUPDATE-Kopie-7@2x.png","width":686,"height":688,"caption":"SkiArt Kitzb\u00fchel \u2013 Tiroler Skischule Peter Sulzenbacher"},"image":{"@id":"https:\/\/skiart.tirol\/#\/schema\/logo\/image\/"},"sameAs":["https:\/\/www.facebook.com\/p.sulzenbacher","https:\/\/www.instagram.com\/_skiart_\/"]}]}},"_links":{"self":[{"href":"https:\/\/skiart.tirol\/en\/wp-json\/wp\/v2\/pages\/2793","targetHints":{"allow":["GET"]}}],"collection":[{"href":"https:\/\/skiart.tirol\/en\/wp-json\/wp\/v2\/pages"}],"about":[{"href":"https:\/\/skiart.tirol\/en\/wp-json\/wp\/v2\/types\/page"}],"author":[{"embeddable":true,"href":"https:\/\/skiart.tirol\/en\/wp-json\/wp\/v2\/users\/1"}],"replies":[{"embeddable":true,"href":"https:\/\/skiart.tirol\/en\/wp-json\/wp\/v2\/comments?post=2793"}],"version-history":[{"count":0,"href":"https:\/\/skiart.tirol\/en\/wp-json\/wp\/v2\/pages\/2793\/revisions"}],"wp:attachment":[{"href":"https:\/\/skiart.tirol\/en\/wp-json\/wp\/v2\/media?parent=2793"}],"curies":[{"name":"wp","href":"https:\/\/api.w.org\/{rel}","templated":true}]}}